{"id":1777,"date":"2020-09-07T16:10:45","date_gmt":"2020-09-07T14:10:45","guid":{"rendered":"http:\/\/studiospandri.it\/sc\/?page_id=1777"},"modified":"2020-09-07T18:49:20","modified_gmt":"2020-09-07T16:49:20","slug":"privacy-cookie","status":"publish","type":"page","link":"https:\/\/studiospandri.it\/sc\/privacy-cookie\/","title":{"rendered":"Informativa Privacy"},"content":{"rendered":"\n<style type=\"text\/css\" data-created_by=\"avia_inline_auto\" id=\"style-css-av-8rr41-4546bb870322359022e1cb104707fc3c\">\n.flex_column.av-8rr41-4546bb870322359022e1cb104707fc3c{\nborder-radius:0px 0px 0px 0px;\npadding:0px 0px 0px 0px;\n}\n<\/style>\n<div  class='flex_column av-8rr41-4546bb870322359022e1cb104707fc3c av_four_fifth  avia-builder-el-0  el_before_av_one_fifth  avia-builder-el-first  first flex_column_div av-zero-column-padding  '     ><p>\n<style type=\"text\/css\" data-created_by=\"avia_inline_auto\" id=\"style-css-av-av_heading-3ebcbef560a0e599135922831ca4da7d\">\n#top .av-special-heading.av-av_heading-3ebcbef560a0e599135922831ca4da7d{\npadding-bottom:10px;\n}\nbody .av-special-heading.av-av_heading-3ebcbef560a0e599135922831ca4da7d .av-special-heading-tag .heading-char{\nfont-size:25px;\n}\n.av-special-heading.av-av_heading-3ebcbef560a0e599135922831ca4da7d .av-subheading{\nfont-size:15px;\n}\n<\/style>\n<div  class='av-special-heading av-av_heading-3ebcbef560a0e599135922831ca4da7d av-special-heading-h1 blockquote modern-quote  avia-builder-el-1  el_before_av_hr  avia-builder-el-first '><h1 class='av-special-heading-tag '  itemprop=\"headline\"  >Privacy  <span class='special_amp'>&amp;<\/span> Cookies<\/h1><div class=\"special-heading-border\"><div class=\"special-heading-inner-border\"><\/div><\/div><\/div><br \/>\n<div  class='hr av-av_hr-7bacd336e8c7b574fdeac16e430feaa5 hr-default  avia-builder-el-2  el_after_av_heading  el_before_av_textblock '><span class='hr-inner '><span class=\"hr-inner-style\"><\/span><\/span><\/div><br \/>\n<section  class='av_textblock_section av-keslr3uc-1b0a4bae434b88ff1ed0caed439cd6a1 '   itemscope=\"itemscope\" itemtype=\"https:\/\/schema.org\/CreativeWork\" ><div class='avia_textblock'  itemprop=\"text\" ><p><strong>INFORMATIVA PER IL TRATTAMENTO DEI DATI PERSONALI<\/strong><\/p>\n<p>Ai sensi degli artt. 13 e 14 del Regolamento UE 2016\/679 (di seguito \u201cGDPR\u201d), Le forniamo le seguenti informazioni:<\/p>\n<p><br class=\"avia-permanent-lb\" \/><br \/>\n<strong>IDENTIT\u00c0 E DATI DI CONTATTO DEL TITOLARE DEL TRATTAMENTO<\/strong><\/p>\n<h6>Il Titolare del trattamento \u00e8: Studio Commercialista Dott. Jacopo Spandri con sede in Via IV Novembre 11\\b 37126 Verona (VR), studio@studiospandri.it.<\/p>\n<p><br class=\"avia-permanent-lb\" \/><br \/>\n<strong>FINALIT\u00c0 E BASE GIURIDICA DEL TRATTAMENTO<\/strong><\/p>\n<p>Il Trattamento dei Dati \u00e8 finalizzato unicamente:<\/p>\n<p>a) alla corretta e completa esecuzione dell\u2019incarico professionale ricevuto;<br \/>\nb) all\u2019invio di inviti ad eventi organizzati dal Titolare del trattamento;<br \/>\nc) all\u2019invio di circolari, informative o comunque all\u2019iscrizione alla newsletter predisposta dal Titolare del trattamento.<\/p>\n<p>Il trattamento sar\u00e0 effettuato nel caso a) \u00e8 necessario per l&#8217;esecuzione del contratto di cui Lei \u00e8 parte, mentre nei casi b) e c) si richiede il Suo consenso espresso.<\/p>\n<p><strong>MODALIT\u00c0 DEL TRATTAMENTO DEI DATI<\/strong><\/p>\n<p>Il trattamento dei Suoi Dati sar\u00e0 effettuato con strumenti sia analogici che digitali, con la predisposizione di misure di sicurezza adeguate e da personale debitamente istruito al rispetto della Normativa Applicabile. I Dati saranno trattati nel rispetto del GDPR, ed in particolare saranno:<\/p>\n<p>\u2022 trattati in modo lecito e secondo correttezza;<br \/>\n\u2022 raccolti e registrati per scopi determinati, espliciti e legittimi;<br \/>\n\u2022 esatti e, se necessario, aggiornati;<br \/>\n\u2022 pertinenti, completi e non eccedenti rispetto alle formalit\u00e0 del trattamento;<br \/>\n\u2022 conservati in una forma che consenta l\u2019identificazione dell\u2019interessato per un periodo di tempo non superiore a quello necessario agli scopi per i quali essi sono raccolti o successivamente trattati;<\/p>\n<p><br class=\"avia-permanent-lb\" \/><br \/>\n<strong>AMBITO DI COMUNICAZIONE DEI DATI PERSONALI<\/strong><\/p>\n<p>Nell\u2019ambito della finalit\u00e0 di cui al punto a), i Suoi dati potranno essere comunicati a collaboratori e consulenti esterni che svolgono attivit\u00e0 per il titolare del trattamento e, in genere, a tutti quei soggetti pubblici e privati cui la comunicazione sia necessaria per il corretto adempimento dell\u2019incarico professionale.<\/p>\n<p><br class=\"avia-permanent-lb\" \/><br \/>\n<strong>DESTINATARI DEI DATI PERSONALI \u2013 TRASFERIMENTO IN PAESI TERZI<\/strong><\/p>\n<p>Nell\u2019ambito della finalit\u00e0 sopra indicate, i Suoi dati non saranno comunicati ad altri soggetti n\u00e9 trasferiti in Paesi non appartenenti all\u2019Unione Europea.<\/p>\n<p><br class=\"avia-permanent-lb\" \/><br \/>\n<strong>PERIODO DI CONSERVAZIONE DEI DATI (CRITERI DI DETERMINAZIONE)<\/strong><\/p>\n<p>I Suoi dati verranno conservati per il lasso di tempo strettamente necessario al perseguimento delle specifiche finalit\u00e0 del trattamento e, nello specifico:<\/p>\n<p>&#8211; per le finalit\u00e0 indicate alla lettera a) per il tempo necessario all\u2019adempimento dell\u2019incarico professionale e, in ogni modo, non oltre 10 anni dal momento della raccolta dei Suoi dati per scopi di legge ai fini della prescrizione ex art. 2946 c.c.) e per eventuali ulteriori obblighi di conservazione imposti dalle normative applicabili di settore;<br \/>\n&#8211; per le finalit\u00e0 indicate alle lettere b) e c) i dati daranno conservati per l\u2019interesse legittimo del Titolare, e potranno in ogni momento essere cancellati a richiesta dell\u2019interessato.<\/p>\n<p><br class=\"avia-permanent-lb\" \/><br \/>\n<strong>DIRITTI DELL\u2019INTERESSATO<\/strong><\/p>\n<p>Lei potr\u00e0, in qualsiasi momento, esercitare i diritti di seguito indicati.<\/p>\n<p>a. Accesso ai dati personali: ottenere la conferma o meno che sia in corso un trattamento di dati che La riguardano e, in tal caso, l\u2019accesso alle seguenti informazioni: le finalit\u00e0, le categorie di dati, i destinatari, il periodo di conservazione, il diritto di proporre reclamo ad un\u2019autorit\u00e0 di controllo, il diritto di richiedere la rettifica o cancellazione o limitazione del trattamento od opposizione al trattamento stesso nonch\u00e9 l\u2019esistenza di un processo decisionale automatizzato;<\/li>\n<p>b. Richiesta di rettifica o cancellazione degli stessi o limitazione dei trattamenti che La riguardano; per \u201climitazione\u201d si intende il contrassegno dei dati conservati con l\u2019obiettivo di limitarne il trattamento in futuro;<\/li>\n<p>c. Opposizione al trattamento: opporsi per motivi connessi alla Sua situazione particolare al trattamento di dati per l\u2019esecuzione di un compito di interesse pubblico o per il perseguimento di un legittimo interesse dei Titolari;<br \/>\nd. Portabilit\u00e0 dei dati: nel caso di trattamento automatizzato svolto sulla base del consenso o in esecuzione di un contratto, di ricevere in un formato strutturato, di uso comune e leggibile da dispositivo automatico, i dati che La riguardano; in particolare, i dati Le verranno forniti dai Titolari in formato .xml;<\/p>\n<p>e. Proporre reclamo ai sensi dell\u2019art. 77 GDPR all\u2019autorit\u00e0 di controllo competente in base alla Sua residenza abituale, al luogo di lavoro oppure al luogo di violazione dei Suoi diritti; per l\u2019Italia \u00e8 competente il Garante per la protezione dei dati personali, contattabile tramite i dati di contatto riportati sul sito web http:\/\/www.garanteprivacy.it.<\/p>\n<p>Le richieste relative all\u2019esercizio dei Suoi diritti saranno evase senza ingiustificato ritardo e, in ogni modo, entro un mese dalla domanda; solo in casi di particolare complessit\u00e0 e del numero di richieste tale termine potr\u00e0 essere prorogato di ulteriori 2 (due) mesi.<\/p>\n<p><br class=\"avia-permanent-lb\" \/><br \/>\n<strong>COMUNICAZIONE E CONFERIMENTO DEI DATI<\/strong><\/p>\n<p>Il conferimento dei Suoi dati per le finalit\u00e0 di cui alla lettera a) \u00e8 obbligatorio in quanto necessario ai fini dell\u2019espletamento dell\u2019incarico professionale. Pertanto, il Suo eventuale rifiuto di fornire tali dati comporta l\u2019impossibilit\u00e0 di svolgere l\u2019incarico professionale.<br \/>\nIl conferimento dei Dati per le finalit\u00e0 di cui alle lettere b) e c), invece, \u00e8 facoltativo e non incide sullo svolgimento dell\u2019incarico.<\/p>\n<\/div><\/section><\/p><\/div>\n<style type=\"text\/css\" data-created_by=\"avia_inline_auto\" id=\"style-css-av-av_one_fifth-49f6e875884219cf77c24341e550af53\">\n.flex_column.av-av_one_fifth-49f6e875884219cf77c24341e550af53{\nborder-radius:0px 0px 0px 0px;\npadding:0px 0px 0px 0px;\n}\n<\/style>\n<div  class='flex_column av-av_one_fifth-49f6e875884219cf77c24341e550af53 av_one_fifth  avia-builder-el-4  el_after_av_four_fifth  avia-builder-el-last  flex_column_div av-zero-column-padding  '     ><\/div><\/p>\n","protected":false},"excerpt":{"rendered":"","protected":false},"author":2,"featured_media":0,"parent":0,"menu_order":0,"comment_status":"closed","ping_status":"closed","template":"","meta":{"footnotes":""},"class_list":["post-1777","page","type-page","status-publish","hentry"],"_links":{"self":[{"href":"https:\/\/studiospandri.it\/sc\/wp-json\/wp\/v2\/pages\/1777","targetHints":{"allow":["GET"]}}],"collection":[{"href":"https:\/\/studiospandri.it\/sc\/wp-json\/wp\/v2\/pages"}],"about":[{"href":"https:\/\/studiospandri.it\/sc\/wp-json\/wp\/v2\/types\/page"}],"author":[{"embeddable":true,"href":"https:\/\/studiospandri.it\/sc\/wp-json\/wp\/v2\/users\/2"}],"replies":[{"embeddable":true,"href":"https:\/\/studiospandri.it\/sc\/wp-json\/wp\/v2\/comments?post=1777"}],"version-history":[{"count":8,"href":"https:\/\/studiospandri.it\/sc\/wp-json\/wp\/v2\/pages\/1777\/revisions"}],"predecessor-version":[{"id":1792,"href":"https:\/\/studiospandri.it\/sc\/wp-json\/wp\/v2\/pages\/1777\/revisions\/1792"}],"wp:attachment":[{"href":"https:\/\/studiospandri.it\/sc\/wp-json\/wp\/v2\/media?parent=1777"}],"curies":[{"name":"wp","href":"https:\/\/api.w.org\/{rel}","templated":true}]}}